{"id":1060,"date":"2019-05-07T12:37:48","date_gmt":"2019-05-07T15:37:48","guid":{"rendered":"http:\/\/br964.teste.website\/~sioncu18\/wordpress\/batel\/?page_id=1060"},"modified":"2026-02-11T11:07:53","modified_gmt":"2026-02-11T14:07:53","slug":"horarios","status":"publish","type":"page","link":"https:\/\/sioncuritiba.com.br\/solitude\/ensino-fundamental-1\/horarios\/","title":{"rendered":"Hor\u00e1rios"},"content":{"rendered":"\t\t<div data-elementor-type=\"wp-post\" data-elementor-id=\"1060\" class=\"elementor elementor-1060\" data-elementor-post-type=\"page\">\n\t\t\t\t\t\t<section class=\"elementor-section elementor-top-section elementor-element elementor-element-7a371bb elementor-section-boxed elementor-section-height-default elementor-section-height-default\" data-id=\"7a371bb\" data-element_type=\"section\" data-e-type=\"section\" data-settings=\"{&quot;jet_parallax_layout_list&quot;:[{&quot;jet_parallax_layout_image&quot;:{&quot;url&quot;:&quot;&quot;,&quot;id&quot;:&quot;&quot;,&quot;size&quot;:&quot;&quot;},&quot;_id&quot;:&quot;271761e&quot;,&quot;jet_parallax_layout_speed&quot;:{&quot;unit&quot;:&quot;%&quot;,&quot;size&quot;:50,&quot;sizes&quot;:[]},&quot;jet_parallax_layout_image_tablet&quot;:{&quot;url&quot;:&quot;&quot;,&quot;id&quot;:&quot;&quot;,&quot;size&quot;:&quot;&quot;},&quot;jet_parallax_layout_image_mobile&quot;:{&quot;url&quot;:&quot;&quot;,&quot;id&quot;:&quot;&quot;,&quot;size&quot;:&quot;&quot;},&quot;jet_parallax_layout_type&quot;:&quot;scroll&quot;,&quot;jet_parallax_layout_direction&quot;:null,&quot;jet_parallax_layout_fx_direction&quot;:null,&quot;jet_parallax_layout_z_index&quot;:&quot;&quot;,&quot;jet_parallax_layout_bg_x&quot;:50,&quot;jet_parallax_layout_bg_x_tablet&quot;:&quot;&quot;,&quot;jet_parallax_layout_bg_x_mobile&quot;:&quot;&quot;,&quot;jet_parallax_layout_bg_y&quot;:50,&quot;jet_parallax_layout_bg_y_tablet&quot;:&quot;&quot;,&quot;jet_parallax_layout_bg_y_mobile&quot;:&quot;&quot;,&quot;jet_parallax_layout_bg_size&quot;:&quot;auto&quot;,&quot;jet_parallax_layout_bg_size_tablet&quot;:&quot;&quot;,&quot;jet_parallax_layout_bg_size_mobile&quot;:&quot;&quot;,&quot;jet_parallax_layout_animation_prop&quot;:&quot;transform&quot;,&quot;jet_parallax_layout_on&quot;:[&quot;desktop&quot;,&quot;tablet&quot;]}]}\">\n\t\t\t\t\t\t<div class=\"elementor-container elementor-column-gap-default\">\n\t\t\t\t\t<div class=\"elementor-column elementor-col-33 elementor-top-column elementor-element elementor-element-09a61ef\" data-id=\"09a61ef\" data-element_type=\"column\" data-e-type=\"column\">\n\t\t\t<div class=\"elementor-widget-wrap elementor-element-populated\">\n\t\t\t\t\t\t<div class=\"elementor-element elementor-element-b781789 menu-cursos elementor-nav-menu__text-align-aside elementor-widget elementor-widget-global elementor-global-3060 elementor-widget-nav-menu\" data-id=\"b781789\" data-element_type=\"widget\" data-e-type=\"widget\" id=\"menu-cursos\" data-settings=\"{&quot;layout&quot;:&quot;dropdown&quot;,&quot;submenu_icon&quot;:{&quot;value&quot;:&quot;fas fa-chevron-down&quot;,&quot;library&quot;:&quot;fa-solid&quot;}}\" data-widget_type=\"nav-menu.default\">\n\t\t\t\t<div class=\"elementor-widget-container\">\n\t\t\t\t\t\t\t\t<nav class=\"elementor-nav-menu--dropdown elementor-nav-menu__container\" aria-hidden=\"true\">\n\t\t\t\t<ul id=\"menu-2-b781789\" class=\"elementor-nav-menu\"><li class=\"menu-item menu-item-type-custom menu-item-object-custom menu-item-has-children menu-item-2941\"><a class=\"elementor-item\" tabindex=\"-1\">Educa\u00e7\u00e3o Infantil<\/a>\n<ul class=\"sub-menu elementor-nav-menu--dropdown\">\n\t<li class=\"menu-item menu-item-type-post_type menu-item-object-page menu-item-2942\"><a href=\"https:\/\/sioncuritiba.com.br\/solitude\/educacao-infantil\/\" class=\"elementor-sub-item\" tabindex=\"-1\">Sobre o Curso<\/a><\/li>\n\t<li class=\"menu-item menu-item-type-post_type menu-item-object-page menu-item-2943\"><a href=\"https:\/\/sioncuritiba.com.br\/solitude\/educacao-infantil\/horarios\/\" class=\"elementor-sub-item\" tabindex=\"-1\">Hor\u00e1rios<\/a><\/li>\n\t<li class=\"menu-item menu-item-type-post_type menu-item-object-page menu-item-2944\"><a href=\"https:\/\/sioncuritiba.com.br\/solitude\/educacao-infantil\/uniformes\/\" class=\"elementor-sub-item\" tabindex=\"-1\">Uniformes<\/a><\/li>\n\t<li class=\"menu-item menu-item-type-post_type menu-item-object-page menu-item-2945\"><a href=\"https:\/\/sioncuritiba.com.br\/solitude\/educacao-infantil\/calendarios-e-comunicados\/\" class=\"elementor-sub-item\" tabindex=\"-1\">Calend\u00e1rios e Comunicados<\/a><\/li>\n\t<li class=\"menu-item menu-item-type-post_type menu-item-object-page menu-item-3904\"><a href=\"https:\/\/sioncuritiba.com.br\/solitude\/educacao-infantil\/material-didatico\/\" class=\"elementor-sub-item\" tabindex=\"-1\">Atividades<\/a><\/li>\n<\/ul>\n<\/li>\n<li class=\"menu-item menu-item-type-custom menu-item-object-custom menu-item-has-children menu-item-2946\"><a class=\"elementor-item\" tabindex=\"-1\">Fundamental Anos Iniciais<\/a>\n<ul class=\"sub-menu elementor-nav-menu--dropdown\">\n\t<li class=\"menu-item menu-item-type-post_type menu-item-object-page menu-item-2947\"><a href=\"https:\/\/sioncuritiba.com.br\/solitude\/ensino-fundamental-1\/\" class=\"elementor-sub-item\" tabindex=\"-1\">Sobre o Curso<\/a><\/li>\n\t<li class=\"menu-item menu-item-type-post_type menu-item-object-page menu-item-2948\"><a href=\"https:\/\/sioncuritiba.com.br\/solitude\/ensino-fundamental-1\/material-didatico\/\" class=\"elementor-sub-item\" tabindex=\"-1\">Li\u00e7\u00f5es de Casa<\/a><\/li>\n\t<li class=\"menu-item menu-item-type-post_type menu-item-object-page menu-item-2949\"><a href=\"https:\/\/sioncuritiba.com.br\/solitude\/ensino-fundamental-1\/horarios\/\" class=\"elementor-sub-item\" tabindex=\"-1\">Hor\u00e1rios<\/a><\/li>\n\t<li class=\"menu-item menu-item-type-post_type menu-item-object-page menu-item-2950\"><a href=\"https:\/\/sioncuritiba.com.br\/solitude\/ensino-fundamental-1\/uniformes\/\" class=\"elementor-sub-item\" tabindex=\"-1\">Uniformes<\/a><\/li>\n\t<li class=\"menu-item menu-item-type-post_type menu-item-object-page menu-item-2951\"><a href=\"https:\/\/sioncuritiba.com.br\/solitude\/ensino-fundamental-1\/calendarios-e-comunicados\/\" class=\"elementor-sub-item\" tabindex=\"-1\">Calend\u00e1rios e Comunicados<\/a><\/li>\n<\/ul>\n<\/li>\n<li class=\"menu-item menu-item-type-custom menu-item-object-custom menu-item-has-children menu-item-2952\"><a class=\"elementor-item\" tabindex=\"-1\">Fundamental Anos Finais<\/a>\n<ul class=\"sub-menu elementor-nav-menu--dropdown\">\n\t<li class=\"menu-item menu-item-type-post_type menu-item-object-page menu-item-2953\"><a href=\"https:\/\/sioncuritiba.com.br\/solitude\/ensino-fundamental-2\/\" class=\"elementor-sub-item\" tabindex=\"-1\">Sobre o Curso<\/a><\/li>\n\t<li class=\"menu-item menu-item-type-post_type menu-item-object-page menu-item-2954\"><a href=\"https:\/\/sioncuritiba.com.br\/solitude\/ensino-fundamental-2\/material-didatico\/\" class=\"elementor-sub-item\" tabindex=\"-1\">Guias e Calend\u00e1rios de Fichas<\/a><\/li>\n\t<li class=\"menu-item menu-item-type-post_type menu-item-object-page menu-item-2955\"><a href=\"https:\/\/sioncuritiba.com.br\/solitude\/ensino-fundamental-2\/horarios\/\" class=\"elementor-sub-item\" tabindex=\"-1\">Hor\u00e1rios<\/a><\/li>\n\t<li class=\"menu-item menu-item-type-post_type menu-item-object-page menu-item-2956\"><a href=\"https:\/\/sioncuritiba.com.br\/solitude\/ensino-fundamental-2\/uniformes\/\" class=\"elementor-sub-item\" tabindex=\"-1\">Uniformes<\/a><\/li>\n\t<li class=\"menu-item menu-item-type-post_type menu-item-object-page menu-item-2957\"><a href=\"https:\/\/sioncuritiba.com.br\/solitude\/ensino-fundamental-2\/calendarios-e-comunicados\/\" class=\"elementor-sub-item\" tabindex=\"-1\">Calend\u00e1rios e Comunicados<\/a><\/li>\n<\/ul>\n<\/li>\n<li class=\"menu-item menu-item-type-custom menu-item-object-custom menu-item-has-children menu-item-2958\"><a class=\"elementor-item\" tabindex=\"-1\">Ensino M\u00e9dio<\/a>\n<ul class=\"sub-menu elementor-nav-menu--dropdown\">\n\t<li class=\"menu-item menu-item-type-post_type menu-item-object-page menu-item-2959\"><a href=\"https:\/\/sioncuritiba.com.br\/solitude\/ensino-medio\/\" class=\"elementor-sub-item\" tabindex=\"-1\">Sobre o Curso<\/a><\/li>\n\t<li class=\"menu-item menu-item-type-post_type menu-item-object-page menu-item-2960\"><a href=\"https:\/\/sioncuritiba.com.br\/solitude\/ensino-medio\/material-didatico\/\" class=\"elementor-sub-item\" tabindex=\"-1\">Guias e Calend\u00e1rios de Fichas<\/a><\/li>\n\t<li class=\"menu-item menu-item-type-post_type menu-item-object-page menu-item-2961\"><a href=\"https:\/\/sioncuritiba.com.br\/solitude\/ensino-medio\/horarios\/\" class=\"elementor-sub-item\" tabindex=\"-1\">Hor\u00e1rios<\/a><\/li>\n\t<li class=\"menu-item menu-item-type-post_type menu-item-object-page menu-item-2962\"><a href=\"https:\/\/sioncuritiba.com.br\/solitude\/ensino-medio\/uniformes\/\" class=\"elementor-sub-item\" tabindex=\"-1\">Uniformes<\/a><\/li>\n\t<li class=\"menu-item menu-item-type-post_type menu-item-object-page menu-item-2963\"><a href=\"https:\/\/sioncuritiba.com.br\/solitude\/ensino-medio\/calendarios-e-comunicados\/\" class=\"elementor-sub-item\" tabindex=\"-1\">Calend\u00e1rios e Comunicados<\/a><\/li>\n\t<li class=\"menu-item menu-item-type-post_type menu-item-object-page menu-item-2964\"><a href=\"https:\/\/sioncuritiba.com.br\/solitude\/ensino-medio\/enem-e-vestibulares\/\" class=\"elementor-sub-item\" tabindex=\"-1\">ENEM e Vestibulares<\/a><\/li>\n<\/ul>\n<\/li>\n<li class=\"menu-item menu-item-type-custom menu-item-object-custom menu-item-has-children menu-item-2965\"><a class=\"elementor-item\" tabindex=\"-1\">Integral<\/a>\n<ul class=\"sub-menu elementor-nav-menu--dropdown\">\n\t<li class=\"menu-item menu-item-type-post_type menu-item-object-page menu-item-2966\"><a href=\"https:\/\/sioncuritiba.com.br\/solitude\/integral\/\" class=\"elementor-sub-item\" tabindex=\"-1\">Sobre<\/a><\/li>\n\t<li class=\"menu-item menu-item-type-post_type menu-item-object-page menu-item-2967\"><a href=\"https:\/\/sioncuritiba.com.br\/solitude\/integral\/horarios\/\" class=\"elementor-sub-item\" tabindex=\"-1\">Hor\u00e1rios<\/a><\/li>\n\t<li class=\"menu-item menu-item-type-post_type menu-item-object-page menu-item-2968\"><a href=\"https:\/\/sioncuritiba.com.br\/solitude\/integral\/uniformes\/\" class=\"elementor-sub-item\" tabindex=\"-1\">Uniformes<\/a><\/li>\n\t<li class=\"menu-item menu-item-type-post_type menu-item-object-page menu-item-2969\"><a href=\"https:\/\/sioncuritiba.com.br\/solitude\/integral\/calendarios-e-comunicados\/\" class=\"elementor-sub-item\" tabindex=\"-1\">Calend\u00e1rios e Comunicados<\/a><\/li>\n\t<li class=\"menu-item menu-item-type-post_type menu-item-object-page menu-item-2970\"><a href=\"https:\/\/sioncuritiba.com.br\/solitude\/integral\/cardapios-e-receitas\/\" class=\"elementor-sub-item\" tabindex=\"-1\">Card\u00e1pios e Receitas<\/a><\/li>\n<\/ul>\n<\/li>\n<li class=\"menu-item menu-item-type-custom menu-item-object-custom menu-item-has-children menu-item-2971\"><a class=\"elementor-item\" tabindex=\"-1\">Escolinhas<\/a>\n<ul class=\"sub-menu elementor-nav-menu--dropdown\">\n\t<li class=\"menu-item menu-item-type-post_type menu-item-object-page menu-item-2972\"><a href=\"https:\/\/sioncuritiba.com.br\/solitude\/escolinhas\/\" class=\"elementor-sub-item\" tabindex=\"-1\">Sobre<\/a><\/li>\n\t<li class=\"menu-item menu-item-type-post_type menu-item-object-page menu-item-2973\"><a href=\"https:\/\/sioncuritiba.com.br\/solitude\/escolinhas\/horarios-e-atividades\/\" class=\"elementor-sub-item\" tabindex=\"-1\">Hor\u00e1rios e Atividades<\/a><\/li>\n\t<li class=\"menu-item menu-item-type-post_type menu-item-object-page menu-item-2974\"><a href=\"https:\/\/sioncuritiba.com.br\/solitude\/escolinhas\/uniformes\/\" class=\"elementor-sub-item\" tabindex=\"-1\">Uniformes<\/a><\/li>\n\t<li class=\"menu-item menu-item-type-post_type menu-item-object-page menu-item-2975\"><a href=\"https:\/\/sioncuritiba.com.br\/solitude\/escolinhas\/comunicados\/\" class=\"elementor-sub-item\" tabindex=\"-1\">Comunicados<\/a><\/li>\n<\/ul>\n<\/li>\n<\/ul>\t\t\t<\/nav>\n\t\t\t\t\t\t<\/div>\n\t\t\t\t<\/div>\n\t\t\t\t\t<\/div>\n\t\t<\/div>\n\t\t\t\t<div class=\"elementor-column elementor-col-66 elementor-top-column elementor-element elementor-element-adbbb12\" data-id=\"adbbb12\" data-element_type=\"column\" data-e-type=\"column\">\n\t\t\t<div class=\"elementor-widget-wrap elementor-element-populated\">\n\t\t\t\t\t\t<div class=\"elementor-element elementor-element-975effd elementor-widget elementor-widget-text-editor\" data-id=\"975effd\" data-element_type=\"widget\" data-e-type=\"widget\" data-widget_type=\"text-editor.default\">\n\t\t\t\t<div class=\"elementor-widget-container\">\n\t\t\t\t\t\t\t\t\t<p>Clique no link abaixo e fa\u00e7a o download do arquivo de hor\u00e1rios:<\/p>\t\t\t\t\t\t\t\t<\/div>\n\t\t\t\t<\/div>\n\t\t\t\t<div class=\"elementor-element elementor-element-285a38c elementor-align-start elementor-icon-list--layout-traditional elementor-list-item-link-full_width elementor-widget elementor-widget-icon-list\" data-id=\"285a38c\" data-element_type=\"widget\" data-e-type=\"widget\" data-widget_type=\"icon-list.default\">\n\t\t\t\t<div class=\"elementor-widget-container\">\n\t\t\t\t\t\t\t<ul class=\"elementor-icon-list-items\">\n\t\t\t\t\t\t\t<li class=\"elementor-icon-list-item\">\n\t\t\t\t\t\t\t\t\t\t\t<span class=\"elementor-icon-list-icon\">\n\t\t\t\t\t\t\t<i aria-hidden=\"true\" class=\"far fa-clock\"><\/i>\t\t\t\t\t\t<\/span>\n\t\t\t\t\t\t\t\t\t\t<span class=\"elementor-icon-list-text\">Hora\u0301rio Fundamental Anos Iniciais | 2026<\/span>\n\t\t\t\t\t\t\t\t\t<\/li>\n\t\t\t\t\t\t<\/ul>\n\t\t\t\t\t\t<\/div>\n\t\t\t\t<\/div>\n\t\t\t\t\t<\/div>\n\t\t<\/div>\n\t\t\t\t\t<\/div>\n\t\t<\/section>\n\t\t\t\t<\/div>\n\t\t","protected":false},"excerpt":{"rendered":"<p>Clique no link abaixo e fa\u00e7a o download do arquivo de hor\u00e1rios: Hora\u0301rio Fundamental Anos Iniciais | 2026<\/p>\n","protected":false},"author":1,"featured_media":0,"parent":547,"menu_order":0,"comment_status":"closed","ping_status":"closed","template":"","meta":{"footnotes":""},"class_list":["post-1060","page","type-page","status-publish","hentry"],"yoast_head":"<!-- This site is optimized with the Yoast SEO plugin v26.8 - https:\/\/yoast.com\/product\/yoast-seo-wordpress\/ -->\n<title>Hor\u00e1rios - Sion Solitude<\/title>\n<meta name=\"robots\" content=\"index, follow, max-snippet:-1, max-image-preview:large, max-video-preview:-1\" \/>\n<link rel=\"canonical\" href=\"https:\/\/sioncuritiba.com.br\/solitude\/ensino-fundamental-1\/horarios\/\" \/>\n<meta property=\"og:locale\" content=\"pt_BR\" \/>\n<meta property=\"og:type\" content=\"article\" \/>\n<meta property=\"og:title\" content=\"Hor\u00e1rios - Sion Solitude\" \/>\n<meta property=\"og:description\" content=\"Clique no link abaixo e fa\u00e7a o download do arquivo de hor\u00e1rios: Hora\u0301rio Fundamental Anos Iniciais | 2026\" \/>\n<meta property=\"og:url\" content=\"https:\/\/sioncuritiba.com.br\/solitude\/ensino-fundamental-1\/horarios\/\" \/>\n<meta property=\"og:site_name\" content=\"Sion Solitude\" \/>\n<meta property=\"article:modified_time\" content=\"2026-02-11T14:07:53+00:00\" \/>\n<meta name=\"twitter:card\" content=\"summary_large_image\" \/>\n<meta name=\"twitter:label1\" content=\"Est. tempo de leitura\" \/>\n\t<meta name=\"twitter:data1\" content=\"1 minuto\" \/>\n<script type=\"application\/ld+json\" class=\"yoast-schema-graph\">{\"@context\":\"https:\/\/schema.org\",\"@graph\":[{\"@type\":\"WebPage\",\"@id\":\"https:\/\/sioncuritiba.com.br\/solitude\/ensino-fundamental-1\/horarios\/\",\"url\":\"https:\/\/sioncuritiba.com.br\/solitude\/ensino-fundamental-1\/horarios\/\",\"name\":\"Hor\u00e1rios - Sion Solitude\",\"isPartOf\":{\"@id\":\"https:\/\/sioncuritiba.com.br\/solitude\/#website\"},\"datePublished\":\"2019-05-07T15:37:48+00:00\",\"dateModified\":\"2026-02-11T14:07:53+00:00\",\"breadcrumb\":{\"@id\":\"https:\/\/sioncuritiba.com.br\/solitude\/ensino-fundamental-1\/horarios\/#breadcrumb\"},\"inLanguage\":\"pt-BR\",\"potentialAction\":[{\"@type\":\"ReadAction\",\"target\":[\"https:\/\/sioncuritiba.com.br\/solitude\/ensino-fundamental-1\/horarios\/\"]}]},{\"@type\":\"BreadcrumbList\",\"@id\":\"https:\/\/sioncuritiba.com.br\/solitude\/ensino-fundamental-1\/horarios\/#breadcrumb\",\"itemListElement\":[{\"@type\":\"ListItem\",\"position\":1,\"name\":\"In\u00edcio\",\"item\":\"https:\/\/sioncuritiba.com.br\/solitude\/\"},{\"@type\":\"ListItem\",\"position\":2,\"name\":\"Fundamental Anos Iniciais\",\"item\":\"https:\/\/sioncuritiba.com.br\/solitude\/ensino-fundamental-1\/\"},{\"@type\":\"ListItem\",\"position\":3,\"name\":\"Hor\u00e1rios\"}]},{\"@type\":\"WebSite\",\"@id\":\"https:\/\/sioncuritiba.com.br\/solitude\/#website\",\"url\":\"https:\/\/sioncuritiba.com.br\/solitude\/\",\"name\":\"Sion Solitude\",\"description\":\"S\u00f3 mais um site Col\u00e9gio Sion Sites\",\"potentialAction\":[{\"@type\":\"SearchAction\",\"target\":{\"@type\":\"EntryPoint\",\"urlTemplate\":\"https:\/\/sioncuritiba.com.br\/solitude\/?s={search_term_string}\"},\"query-input\":{\"@type\":\"PropertyValueSpecification\",\"valueRequired\":true,\"valueName\":\"search_term_string\"}}],\"inLanguage\":\"pt-BR\"}]}<\/script>\n<!-- \/ Yoast SEO plugin. -->","yoast_head_json":{"title":"Hor\u00e1rios - Sion Solitude","robots":{"index":"index","follow":"follow","max-snippet":"max-snippet:-1","max-image-preview":"max-image-preview:large","max-video-preview":"max-video-preview:-1"},"canonical":"https:\/\/sioncuritiba.com.br\/solitude\/ensino-fundamental-1\/horarios\/","og_locale":"pt_BR","og_type":"article","og_title":"Hor\u00e1rios - Sion Solitude","og_description":"Clique no link abaixo e fa\u00e7a o download do arquivo de hor\u00e1rios: Hora\u0301rio Fundamental Anos Iniciais | 2026","og_url":"https:\/\/sioncuritiba.com.br\/solitude\/ensino-fundamental-1\/horarios\/","og_site_name":"Sion Solitude","article_modified_time":"2026-02-11T14:07:53+00:00","twitter_card":"summary_large_image","twitter_misc":{"Est. tempo de leitura":"1 minuto"},"schema":{"@context":"https:\/\/schema.org","@graph":[{"@type":"WebPage","@id":"https:\/\/sioncuritiba.com.br\/solitude\/ensino-fundamental-1\/horarios\/","url":"https:\/\/sioncuritiba.com.br\/solitude\/ensino-fundamental-1\/horarios\/","name":"Hor\u00e1rios - Sion Solitude","isPartOf":{"@id":"https:\/\/sioncuritiba.com.br\/solitude\/#website"},"datePublished":"2019-05-07T15:37:48+00:00","dateModified":"2026-02-11T14:07:53+00:00","breadcrumb":{"@id":"https:\/\/sioncuritiba.com.br\/solitude\/ensino-fundamental-1\/horarios\/#breadcrumb"},"inLanguage":"pt-BR","potentialAction":[{"@type":"ReadAction","target":["https:\/\/sioncuritiba.com.br\/solitude\/ensino-fundamental-1\/horarios\/"]}]},{"@type":"BreadcrumbList","@id":"https:\/\/sioncuritiba.com.br\/solitude\/ensino-fundamental-1\/horarios\/#breadcrumb","itemListElement":[{"@type":"ListItem","position":1,"name":"In\u00edcio","item":"https:\/\/sioncuritiba.com.br\/solitude\/"},{"@type":"ListItem","position":2,"name":"Fundamental Anos Iniciais","item":"https:\/\/sioncuritiba.com.br\/solitude\/ensino-fundamental-1\/"},{"@type":"ListItem","position":3,"name":"Hor\u00e1rios"}]},{"@type":"WebSite","@id":"https:\/\/sioncuritiba.com.br\/solitude\/#website","url":"https:\/\/sioncuritiba.com.br\/solitude\/","name":"Sion Solitude","description":"S\u00f3 mais um site Col\u00e9gio Sion Sites","potentialAction":[{"@type":"SearchAction","target":{"@type":"EntryPoint","urlTemplate":"https:\/\/sioncuritiba.com.br\/solitude\/?s={search_term_string}"},"query-input":{"@type":"PropertyValueSpecification","valueRequired":true,"valueName":"search_term_string"}}],"inLanguage":"pt-BR"}]}},"_links":{"self":[{"href":"https:\/\/sioncuritiba.com.br\/solitude\/wp-json\/wp\/v2\/pages\/1060","targetHints":{"allow":["GET"]}}],"collection":[{"href":"https:\/\/sioncuritiba.com.br\/solitude\/wp-json\/wp\/v2\/pages"}],"about":[{"href":"https:\/\/sioncuritiba.com.br\/solitude\/wp-json\/wp\/v2\/types\/page"}],"author":[{"embeddable":true,"href":"https:\/\/sioncuritiba.com.br\/solitude\/wp-json\/wp\/v2\/users\/1"}],"replies":[{"embeddable":true,"href":"https:\/\/sioncuritiba.com.br\/solitude\/wp-json\/wp\/v2\/comments?post=1060"}],"version-history":[{"count":19,"href":"https:\/\/sioncuritiba.com.br\/solitude\/wp-json\/wp\/v2\/pages\/1060\/revisions"}],"predecessor-version":[{"id":10215,"href":"https:\/\/sioncuritiba.com.br\/solitude\/wp-json\/wp\/v2\/pages\/1060\/revisions\/10215"}],"up":[{"embeddable":true,"href":"https:\/\/sioncuritiba.com.br\/solitude\/wp-json\/wp\/v2\/pages\/547"}],"wp:attachment":[{"href":"https:\/\/sioncuritiba.com.br\/solitude\/wp-json\/wp\/v2\/media?parent=1060"}],"curies":[{"name":"wp","href":"https:\/\/api.w.org\/{rel}","templated":true}]}}